{"id":3100,"date":"2025-08-24T22:30:53","date_gmt":"2025-08-24T13:30:53","guid":{"rendered":"https:\/\/www.cat.hokudai.ac.jp\/nakajima\/?page_id=3100"},"modified":"2025-08-24T22:36:58","modified_gmt":"2025-08-24T13:36:58","slug":"2025-7-10","status":"publish","type":"page","link":"https:\/\/www.cat.hokudai.ac.jp\/nakajima\/album\/2025-2\/2025-7-10\/","title":{"rendered":"2025\/7\/10"},"content":{"rendered":"<p>7\u670810\u65e5\u306b\u5317\u6d77\u9053\u5927\u5b66\u89e6\u5a92\u79d1\u5b66\u7814\u7a76\u6240\u3067\u958b\u50ac\u3055\u308c\u305fInternational Symposium of Institute for Catalysis 2025\u306b\u53c2\u52a0\u3057\u307e\u3057\u305f\u3002<\/p>\n<p>G\u00f6kalp G\u00f6zayd\u0131n\u3055\u3093\uff08\u535a\u58eb\u7814\u7a76\u54e1\uff09\u3001Nivedha Vinod\u3055\u3093\uff08\u535a\u58eb\u7814\u7a76\u54e1\uff09\u3001Bhanu Priya\u3055\u3093\uff08\u535a\u58eb\u7814\u7a76\u54e1\uff09\u3001Shamayil Al Hajri \u3055\u3093\uff08M2\uff09\u3001Dev Ahirwar\u3055\u3093\uff08M1\uff09\u304c\u30dd\u30b9\u30bf\u30fc\u767a\u8868\u3092\u884c\u3044\u307e\u3057\u305f\u3002<\/p>\n<p>\u307e\u305f\u3001Shamayil Al Hajri \u3055\u3093\uff08M2\uff09\u3068Dev Ahirwar\u3055\u3093\uff08M1\uff09\u304c\u30dd\u30b9\u30bf\u30fc\u8cde\u3092\u53d7\u8cde\u3057\u307e\u3057\u305f\u3002<br \/>\u304a\u3081\u3067\u3068\u3046\u3054\u3056\u3044\u307e\u3059\uff01<\/p>\n<p><img loading=\"lazy\" decoding=\"async\" src=\"https:\/\/www.cat.hokudai.ac.jp\/nakajima\/wp-content\/uploads\/2025\/07\/DSF2001-scaled.jpg\" alt=\"\" width=\"2560\" height=\"1707\" class=\"alignnone size-full wp-image-3007\" srcset=\"https:\/\/www.cat.hokudai.ac.jp\/nakajima\/wp-content\/uploads\/2025\/07\/DSF2001-scaled.jpg 2560w, https:\/\/www.cat.hokudai.ac.jp\/nakajima\/wp-content\/uploads\/2025\/07\/DSF2001-300x200.jpg 300w, https:\/\/www.cat.hokudai.ac.jp\/nakajima\/wp-content\/uploads\/2025\/07\/DSF2001-1024x683.jpg 1024w, https:\/\/www.cat.hokudai.ac.jp\/nakajima\/wp-content\/uploads\/2025\/07\/DSF2001-768x512.jpg 768w, https:\/\/www.cat.hokudai.ac.jp\/nakajima\/wp-content\/uploads\/2025\/07\/DSF2001-1536x1024.jpg 1536w, https:\/\/www.cat.hokudai.ac.jp\/nakajima\/wp-content\/uploads\/2025\/07\/DSF2001-2048x1365.jpg 2048w\" sizes=\"auto, (max-width: 2560px) 100vw, 2560px\" \/><\/p>\n<p><img loading=\"lazy\" decoding=\"async\" src=\"https:\/\/www.cat.hokudai.ac.jp\/nakajima\/wp-content\/uploads\/2025\/07\/Dev-scaled.jpg\" alt=\"\" width=\"2560\" height=\"1707\" class=\"alignnone size-full wp-image-3011\" srcset=\"https:\/\/www.cat.hokudai.ac.jp\/nakajima\/wp-content\/uploads\/2025\/07\/Dev-scaled.jpg 2560w, https:\/\/www.cat.hokudai.ac.jp\/nakajima\/wp-content\/uploads\/2025\/07\/Dev-300x200.jpg 300w, https:\/\/www.cat.hokudai.ac.jp\/nakajima\/wp-content\/uploads\/2025\/07\/Dev-1024x683.jpg 1024w, https:\/\/www.cat.hokudai.ac.jp\/nakajima\/wp-content\/uploads\/2025\/07\/Dev-768x512.jpg 768w, https:\/\/www.cat.hokudai.ac.jp\/nakajima\/wp-content\/uploads\/2025\/07\/Dev-1536x1024.jpg 1536w, https:\/\/www.cat.hokudai.ac.jp\/nakajima\/wp-content\/uploads\/2025\/07\/Dev-2048x1365.jpg 2048w\" sizes=\"auto, (max-width: 2560px) 100vw, 2560px\" \/><\/p>\n<p><img loading=\"lazy\" decoding=\"async\" src=\"https:\/\/www.cat.hokudai.ac.jp\/nakajima\/wp-content\/uploads\/2025\/07\/Shamayil-1-scaled.jpg\" alt=\"\" width=\"2560\" height=\"1707\" class=\"alignnone size-full wp-image-3012\" srcset=\"https:\/\/www.cat.hokudai.ac.jp\/nakajima\/wp-content\/uploads\/2025\/07\/Shamayil-1-scaled.jpg 2560w, https:\/\/www.cat.hokudai.ac.jp\/nakajima\/wp-content\/uploads\/2025\/07\/Shamayil-1-300x200.jpg 300w, https:\/\/www.cat.hokudai.ac.jp\/nakajima\/wp-content\/uploads\/2025\/07\/Shamayil-1-1024x683.jpg 1024w, https:\/\/www.cat.hokudai.ac.jp\/nakajima\/wp-content\/uploads\/2025\/07\/Shamayil-1-768x512.jpg 768w, https:\/\/www.cat.hokudai.ac.jp\/nakajima\/wp-content\/uploads\/2025\/07\/Shamayil-1-1536x1024.jpg 1536w, https:\/\/www.cat.hokudai.ac.jp\/nakajima\/wp-content\/uploads\/2025\/07\/Shamayil-1-2048x1365.jpg 2048w\" sizes=\"auto, (max-width: 2560px) 100vw, 2560px\" \/><\/p>\n","protected":false},"excerpt":{"rendered":"<p>7\u670810\u65e5\u306b\u5317\u6d77\u9053\u5927\u5b66\u89e6\u5a92\u79d1\u5b66\u7814\u7a76\u6240\u3067\u958b\u50ac\u3055\u308c\u305fInternational Symposium of Institute for Catalysis 2025\u306b\u53c2\u52a0\u3057\u307e\u3057\u305f\u3002 G\u00f6kalp G\u00f6zayd\u0131n\u3055\u3093\uff08\u535a\u58eb\u7814\u7a76 [&hellip;]<\/p>\n","protected":false},"author":2,"featured_media":0,"parent":2802,"menu_order":0,"comment_status":"closed","ping_status":"closed","template":"","meta":{"footnotes":""},"class_list":["post-3100","page","type-page","status-publish","hentry"],"_links":{"self":[{"href":"https:\/\/www.cat.hokudai.ac.jp\/nakajima\/wp-json\/wp\/v2\/pages\/3100","targetHints":{"allow":["GET"]}}],"collection":[{"href":"https:\/\/www.cat.hokudai.ac.jp\/nakajima\/wp-json\/wp\/v2\/pages"}],"about":[{"href":"https:\/\/www.cat.hokudai.ac.jp\/nakajima\/wp-json\/wp\/v2\/types\/page"}],"author":[{"embeddable":true,"href":"https:\/\/www.cat.hokudai.ac.jp\/nakajima\/wp-json\/wp\/v2\/users\/2"}],"replies":[{"embeddable":true,"href":"https:\/\/www.cat.hokudai.ac.jp\/nakajima\/wp-json\/wp\/v2\/comments?post=3100"}],"version-history":[{"count":2,"href":"https:\/\/www.cat.hokudai.ac.jp\/nakajima\/wp-json\/wp\/v2\/pages\/3100\/revisions"}],"predecessor-version":[{"id":3107,"href":"https:\/\/www.cat.hokudai.ac.jp\/nakajima\/wp-json\/wp\/v2\/pages\/3100\/revisions\/3107"}],"up":[{"embeddable":true,"href":"https:\/\/www.cat.hokudai.ac.jp\/nakajima\/wp-json\/wp\/v2\/pages\/2802"}],"wp:attachment":[{"href":"https:\/\/www.cat.hokudai.ac.jp\/nakajima\/wp-json\/wp\/v2\/media?parent=3100"}],"curies":[{"name":"wp","href":"https:\/\/api.w.org\/{rel}","templated":true}]}}